{"id":845,"date":"2022-08-22T16:18:55","date_gmt":"2022-08-22T14:18:55","guid":{"rendered":"https:\/\/www.proebstel-apparatebau.de\/about-the-company\/"},"modified":"2024-05-16T08:47:52","modified_gmt":"2024-05-16T06:47:52","slug":"about-the-company","status":"publish","type":"page","link":"https:\/\/www.proebstel-apparatebau.de\/en\/about-the-company\/","title":{"rendered":"About the company"},"content":{"rendered":"\n<h1>\n\t\tAbout the company\n\t<\/h1>\n\t<p>Pr\u00f6bstel Apparatebau GmbH &amp; Co. KG was founded in 1945 by Wilhelm Pr\u00f6bstel. In its early years, the company was run exclusively as an art smithy.<\/p>\n<p>Tank system and container construction were further stages in the company&#8217;s development.<\/p>\n<p>Increasing competition from abroad and low-wage countries made it necessary that ever more complex systems and apparatus had to be produced.<\/p>\n<p>In the meantime, the company has made an international name for itself in apparatus and system construction in the field of liquid-solid filtration with drum filters, flat filters and belt filters as well as in the construction of ORC systems and gas control stations. In terms of the transport of often very large and heavy systems, the close proximity to the Rhine is beneficial. After being handed over by Frank Pr\u00f6bstel to Dr. Christian Hannke, the company is now being managed by Dr. Christian Hannke.<\/p>\n<h2>\n\t\tThe perfect combination\n\t<\/h2>\n<h4>\n\t\tState-of-the-art production hall\n\t<\/h4>\n\t<p>Large apparatuses and systems are produced in a generously designed production hall which meets the latest technical standards. The crane capacity of this production hall is 32 t in the central aisle. In combination with a very large gate, this enables the transport of systems and apparatuses of various sizes.<\/p>\n<p>Not only is the production hall equipped with numerous welding fixtures and all the machines for metal construction, it also has a large machining department that includes both state-of-the-art CNC machines and a lathe for turning work of more than 4 m in diameter.<\/p>\n<p>Large sheet metal benders and roller round bending machines are as much part of the equipment of the state-of-the-art production hall as drilling and milling machines, our own paint shop and sandblasting booths.<\/p>\n<h4>\n\t\tEmployees\n\t<\/h4>\n\t<p>Our employees demonstrate a high level of motivation and craftsmanship. They carry out the project-related work with great commitment and ingenuity.<\/p>\n<p>The project managers and the three foremen ensure that the projects are completed on time. Of course, we always welcome journeymen metal workers with very good welding skills.<\/p>\n<h4>\n\t\tFuture-oriented\n\t<\/h4>\n\t<p>In order to secure the location with highly qualified employees, it is necessary to constantly develop the company further. Therefore, great value is placed on in-house design work and inventiveness.<\/p>\n<p>Our clients appreciate the fact that even during the implementation phase of the project, we still contribute further development ideas.<\/p>\n<h2>\n\t\tJob advertisement\n\t<\/h2>\n\t\t\t\tFacharbeiter Metallbau (m\/w\/d)\n\t\t\t\t<p><strong>Wir suchen zur Verst\u00e4rkung unseres Teams als Festeinstellung einen Facharbeiter Metallbau (m\/w\/d)<\/strong><\/p>\n<p><strong>Ihre Qualifikationen:<\/strong><\/p>\n<ul>\n<li>allgemeiner Stahlbau und Edelstahlverarbeitung<\/li>\n<li>Arbeiten nach technischen Zeichnungen<\/li>\n<li>sehr gute Schwei\u00dfkenntnisse (MAG und WIG) g\u00fcltige Zertifikate w\u00e4ren w\u00fcnschenswert<\/li>\n<li>Zusammenbau von technischen Anlagen<\/li>\n<li>selbst\u00e4ndige, strukturierte und qualit\u00e4tsorientierte Arbeitsweise<\/li>\n<li>Teamf\u00e4higkeit und freundliches Auftreten<\/li>\n<\/ul>\n<p><strong>Ihre St\u00e4rken:<\/strong><\/p>\n<ul>\n<li>Belastbarkeit<\/li>\n<li>Motivation\/Leistungsbereitschaft<\/li>\n<li>Zuverl\u00e4ssigkeit<\/li>\n<\/ul>\n<strong>Dann senden Sie uns gerne Ihre Anfrage<br \/>\nWir freuen uns auf Sie!<\/strong>\n\n","protected":false},"excerpt":{"rendered":"<p>About the company Pr\u00f6bstel Apparatebau GmbH &amp; Co. KG was founded in 1945 by Wilhelm Pr\u00f6bstel. In its early years, the company was run exclusively as an art smithy. Tank system and container construction were further stages in the company&#8217;s development. Increasing competition from abroad and low-wage countries made it necessary that ever more complex &#8230; <a title=\"About the company\" class=\"read-more\" href=\"https:\/\/www.proebstel-apparatebau.de\/en\/about-the-company\/\" aria-label=\"More on About the company\">Read more<\/a><\/p>\n","protected":false},"author":4,"featured_media":0,"parent":0,"menu_order":0,"comment_status":"closed","ping_status":"closed","template":"","meta":[],"_links":{"self":[{"href":"https:\/\/www.proebstel-apparatebau.de\/en\/wp-json\/wp\/v2\/pages\/845"}],"collection":[{"href":"https:\/\/www.proebstel-apparatebau.de\/en\/wp-json\/wp\/v2\/pages"}],"about":[{"href":"https:\/\/www.proebstel-apparatebau.de\/en\/wp-json\/wp\/v2\/types\/page"}],"author":[{"embeddable":true,"href":"https:\/\/www.proebstel-apparatebau.de\/en\/wp-json\/wp\/v2\/users\/4"}],"replies":[{"embeddable":true,"href":"https:\/\/www.proebstel-apparatebau.de\/en\/wp-json\/wp\/v2\/comments?post=845"}],"version-history":[{"count":1,"href":"https:\/\/www.proebstel-apparatebau.de\/en\/wp-json\/wp\/v2\/pages\/845\/revisions"}],"predecessor-version":[{"id":919,"href":"https:\/\/www.proebstel-apparatebau.de\/en\/wp-json\/wp\/v2\/pages\/845\/revisions\/919"}],"wp:attachment":[{"href":"https:\/\/www.proebstel-apparatebau.de\/en\/wp-json\/wp\/v2\/media?parent=845"}],"curies":[{"name":"wp","href":"https:\/\/api.w.org\/{rel}","templated":true}]}}